{"id":367,"date":"2025-09-18T07:58:26","date_gmt":"2025-09-18T07:58:26","guid":{"rendered":"https:\/\/artsingridtost.com\/?page_id=367"},"modified":"2025-10-25T16:10:41","modified_gmt":"2025-10-25T16:10:41","slug":"290-2-2-2-2","status":"publish","type":"page","link":"https:\/\/artsingridtost.com\/?page_id=367","title":{"rendered":"Galeria de classes de dibuix, pintura o arter\u00e0pia"},"content":{"rendered":"<p>[et_pb_section fb_built=&#8221;1&#8243; custom_padding_last_edited=&#8221;off|desktop&#8221; admin_label=&#8221;Hero&#8221; _builder_version=&#8221;4.16&#8243; use_background_color_gradient=&#8221;on&#8221; background_color_gradient_stops=&#8221;#ffffff 0%|#e7edf9 100%&#8221; background_color_gradient_start=&#8221;#ffffff&#8221; background_color_gradient_end=&#8221;#e7edf9&#8243; custom_margin=&#8221;|||&#8221; custom_padding=&#8221;1px||7px|||&#8221; custom_padding_tablet=&#8221;130px||130px|&#8221; global_colors_info=&#8221;{}&#8221;][et_pb_row _builder_version=&#8221;4.16&#8243; background_size=&#8221;initial&#8221; background_position=&#8221;top_left&#8221; background_repeat=&#8221;repeat&#8221; custom_margin=&#8221;|auto|-88px|auto||&#8221; global_colors_info=&#8221;{}&#8221;][et_pb_column type=&#8221;4_4&#8243; _builder_version=&#8221;4.16&#8243; custom_padding=&#8221;|||&#8221; global_colors_info=&#8221;{}&#8221; custom_padding__hover=&#8221;|||&#8221;][et_pb_text _builder_version=&#8221;4.16&#8243; text_font=&#8221;||||||||&#8221; header_font=&#8221;Merriweather|700|||||||&#8221; header_font_size=&#8221;46px&#8221; header_line_height=&#8221;1.3em&#8221; text_orientation=&#8221;center&#8221; max_width=&#8221;700px&#8221; module_alignment=&#8221;center&#8221; custom_margin=&#8221;||0px|&#8221; animation_style=&#8221;flip&#8221; animation_direction=&#8221;top&#8221; global_colors_info=&#8221;{}&#8221;]<\/p>\n<h1>Simposis d&#8217;escultura<\/h1>\n<p>[\/et_pb_text][et_pb_divider color=&#8221;#4646c4&#8243; divider_position=&#8221;center&#8221; divider_weight=&#8221;2px&#8221; _builder_version=&#8221;4.16&#8243; max_width=&#8221;90px&#8221; max_width_tablet=&#8221;12%&#8221; max_width_last_edited=&#8221;off|desktop&#8221; module_alignment=&#8221;center&#8221; custom_margin=&#8221;|||&#8221; animation_style=&#8221;flip&#8221; animation_delay=&#8221;50ms&#8221; global_colors_info=&#8221;{}&#8221;][\/et_pb_divider][et_pb_text _builder_version=&#8221;4.16&#8243; text_font=&#8221;||||||||&#8221; text_font_size=&#8221;20px&#8221; text_line_height=&#8221;1.8em&#8221; text_orientation=&#8221;center&#8221; max_width=&#8221;700px&#8221; module_alignment=&#8221;center&#8221; custom_margin=&#8221;25px|||&#8221; animation_style=&#8221;flip&#8221; animation_direction=&#8221;top&#8221; animation_delay=&#8221;100ms&#8221; global_colors_info=&#8221;{}&#8221;][\/et_pb_text][\/et_pb_column][\/et_pb_row][\/et_pb_section][et_pb_section fb_built=&#8221;1&#8243; admin_label=&#8221;Gallery&#8221; _builder_version=&#8221;4.16&#8243; min_height=&#8221;1821.2px&#8221; custom_margin=&#8221;||-163px|||&#8221; custom_padding=&#8221;26px||100px|||&#8221; global_colors_info=&#8221;{}&#8221;][et_pb_row _builder_version=&#8221;4.27.4&#8243; _module_preset=&#8221;default&#8221; global_colors_info=&#8221;{}&#8221;][et_pb_column type=&#8221;4_4&#8243; _builder_version=&#8221;4.27.4&#8243; _module_preset=&#8221;default&#8221; global_colors_info=&#8221;{}&#8221;][et_pb_image src=&#8221;https:\/\/artsingridtost.com\/wp-content\/uploads\/2025\/10\/Malda-2022-2.jpg&#8221; title_text=&#8221;Mald\u00e0 2021&#8243; _builder_version=&#8221;4.27.4&#8243; _module_preset=&#8221;default&#8221; global_colors_info=&#8221;{}&#8221;][\/et_pb_image][et_pb_text _builder_version=&#8221;4.27.4&#8243; _module_preset=&#8221;default&#8221; text_text_color=&#8221;#7e7f93&#8243; text_font_size=&#8221;18px&#8221; header_3_font=&#8221;Merriweather|700|||||||&#8221; header_3_text_color=&#8221;#4646c4&#8243; header_3_font_size=&#8221;24px&#8221; header_3_line_height=&#8221;1.4em&#8221; hover_enabled=&#8221;0&#8243; global_colors_info=&#8221;{}&#8221; sticky_enabled=&#8221;0&#8243;]<\/p>\n<h3><span>El vigilant del terme<\/span><\/h3>\n<p><span>Mald\u00e0 2022<\/span><\/p>\n<p>[\/et_pb_text][\/et_pb_column][\/et_pb_row][et_pb_row _builder_version=&#8221;4.27.4&#8243; _module_preset=&#8221;default&#8221; global_colors_info=&#8221;{}&#8221;][et_pb_column type=&#8221;4_4&#8243; _builder_version=&#8221;4.27.4&#8243; _module_preset=&#8221;default&#8221; global_colors_info=&#8221;{}&#8221;][et_pb_image src=&#8221;https:\/\/artsingridtost.com\/wp-content\/uploads\/2025\/10\/Sent-Suissa-2024.jpg&#8221; title_text=&#8221;Suisa 2024&#8243; _builder_version=&#8221;4.27.4&#8243; _module_preset=&#8221;default&#8221; global_colors_info=&#8221;{}&#8221;][\/et_pb_image][et_pb_text _builder_version=&#8221;4.27.4&#8243; _module_preset=&#8221;default&#8221; text_text_color=&#8221;#7e7f93&#8243; text_font_size=&#8221;18px&#8221; header_3_font=&#8221;Merriweather|700|||||||&#8221; header_3_text_color=&#8221;#4646c4&#8243; header_3_font_size=&#8221;24px&#8221; header_3_line_height=&#8221;1.4em&#8221; hover_enabled=&#8221;0&#8243; global_colors_info=&#8221;{}&#8221; sticky_enabled=&#8221;0&#8243;]<\/p>\n<h3><span>Gat pont <\/span><\/h3>\n<p><span> Su\u00efssa 2024<\/span><\/p>\n<p>[\/et_pb_text][\/et_pb_column][\/et_pb_row][et_pb_row _builder_version=&#8221;4.27.4&#8243; _module_preset=&#8221;default&#8221; global_colors_info=&#8221;{}&#8221;][et_pb_column type=&#8221;4_4&#8243; _builder_version=&#8221;4.27.4&#8243; _module_preset=&#8221;default&#8221; global_colors_info=&#8221;{}&#8221;][et_pb_image src=&#8221;https:\/\/artsingridtost.com\/wp-content\/uploads\/2025\/10\/Albalate-de-arzobispo-Teruel-2024-scaled.jpg&#8221; title_text=&#8221;Albalate del Arzobispo(Terol) 2024&#8243; _builder_version=&#8221;4.27.4&#8243; _module_preset=&#8221;default&#8221; global_colors_info=&#8221;{}&#8221;][\/et_pb_image][et_pb_text _builder_version=&#8221;4.27.4&#8243; _module_preset=&#8221;default&#8221; text_text_color=&#8221;#7e7f93&#8243; text_font_size=&#8221;18px&#8221; header_font=&#8221;Merriweather|700|||||||&#8221; header_text_color=&#8221;#4646c4&#8243; header_font_size=&#8221;24px&#8221; header_line_height=&#8221;1.4em&#8221; header_3_font=&#8221;Merriweather|700|||||||&#8221; header_3_text_color=&#8221;#4646c4&#8243; header_3_font_size=&#8221;24px&#8221; header_3_line_height=&#8221;1.4em&#8221; hover_enabled=&#8221;0&#8243; global_colors_info=&#8221;{}&#8221; sticky_enabled=&#8221;0&#8243;]<\/p>\n<h3><span>Zorro de Valpelosa<\/span><\/h3>\n<p><span>Albalate del Arzobispo(Terol) 2024<\/span><\/p>\n<p>[\/et_pb_text][\/et_pb_column][\/et_pb_row][\/et_pb_section][et_pb_section fb_built=&#8221;1&#8243; admin_label=&#8221;Contact&#8221; _builder_version=&#8221;4.16&#8243; background_color=&#8221;#313476&#8243; custom_padding=&#8221;0px|0px|0px|0px&#8221; animation_style=&#8221;slide&#8221; animation_direction=&#8221;bottom&#8221; animation_intensity_slide=&#8221;20%&#8221; animation_starting_opacity=&#8221;100%&#8221; box_shadow_style=&#8221;preset7&#8243; box_shadow_horizontal=&#8221;0px&#8221; box_shadow_vertical=&#8221;80px&#8221; box_shadow_spread=&#8221;-14px&#8221; box_shadow_color=&#8221;#ffffff&#8221; global_colors_info=&#8221;{}&#8221;][\/et_pb_section]<\/p>\n","protected":false},"excerpt":{"rendered":"<p>Simposis d&#8217;esculturaEl vigilant del terme Mald\u00e0 2022Gat pont Su\u00efssa 2024Zorro de Valpelosa Albalate del Arzobispo(Terol) 2024<\/p>\n","protected":false},"author":1,"featured_media":0,"parent":0,"menu_order":0,"comment_status":"closed","ping_status":"closed","template":"","meta":{"_et_pb_use_builder":"on","_et_pb_old_content":"","_et_gb_content_width":"","footnotes":""},"class_list":["post-367","page","type-page","status-publish","hentry"],"yoast_head":"<!-- This site is optimized with the Yoast SEO plugin v27.2 - https:\/\/yoast.com\/product\/yoast-seo-wordpress\/ -->\n<title>Galeria de classes de dibuix, pintura o arter\u00e0pia - Arts Ingrid Tost<\/title>\n<meta name=\"robots\" content=\"index, follow, max-snippet:-1, max-image-preview:large, max-video-preview:-1\" \/>\n<link rel=\"canonical\" href=\"https:\/\/artsingridtost.com\/?page_id=367\" \/>\n<meta property=\"og:locale\" content=\"ca_ES\" \/>\n<meta property=\"og:type\" content=\"article\" \/>\n<meta property=\"og:title\" content=\"Galeria de classes de dibuix, pintura o arter\u00e0pia - Arts Ingrid Tost\" \/>\n<meta property=\"og:description\" content=\"Simposis d&#039;esculturaEl vigilant del terme Mald\u00e0 2022Gat pont Su\u00efssa 2024Zorro de Valpelosa Albalate del Arzobispo(Terol) 2024\" \/>\n<meta property=\"og:url\" content=\"https:\/\/artsingridtost.com\/?page_id=367\" \/>\n<meta property=\"og:site_name\" content=\"Arts Ingrid Tost\" \/>\n<meta property=\"article:modified_time\" content=\"2025-10-25T16:10:41+00:00\" \/>\n<meta name=\"twitter:card\" content=\"summary_large_image\" \/>\n<script type=\"application\/ld+json\" class=\"yoast-schema-graph\">{\"@context\":\"https:\/\/schema.org\",\"@graph\":[{\"@type\":\"WebPage\",\"@id\":\"https:\/\/artsingridtost.com\/?page_id=367\",\"url\":\"https:\/\/artsingridtost.com\/?page_id=367\",\"name\":\"Galeria de classes de dibuix, pintura o arter\u00e0pia - Arts Ingrid Tost\",\"isPartOf\":{\"@id\":\"https:\/\/artsingridtost.com\/#website\"},\"datePublished\":\"2025-09-18T07:58:26+00:00\",\"dateModified\":\"2025-10-25T16:10:41+00:00\",\"breadcrumb\":{\"@id\":\"https:\/\/artsingridtost.com\/?page_id=367#breadcrumb\"},\"inLanguage\":\"ca\",\"potentialAction\":[{\"@type\":\"ReadAction\",\"target\":[\"https:\/\/artsingridtost.com\/?page_id=367\"]}]},{\"@type\":\"BreadcrumbList\",\"@id\":\"https:\/\/artsingridtost.com\/?page_id=367#breadcrumb\",\"itemListElement\":[{\"@type\":\"ListItem\",\"position\":1,\"name\":\"Home\",\"item\":\"https:\/\/artsingridtost.com\/\"},{\"@type\":\"ListItem\",\"position\":2,\"name\":\"Galeria de classes de dibuix, pintura o arter\u00e0pia\"}]},{\"@type\":\"WebSite\",\"@id\":\"https:\/\/artsingridtost.com\/#website\",\"url\":\"https:\/\/artsingridtost.com\/\",\"name\":\"Arts Ingrid Tost\",\"description\":\"Arts Ingrid Tost\",\"potentialAction\":[{\"@type\":\"SearchAction\",\"target\":{\"@type\":\"EntryPoint\",\"urlTemplate\":\"https:\/\/artsingridtost.com\/?s={search_term_string}\"},\"query-input\":{\"@type\":\"PropertyValueSpecification\",\"valueRequired\":true,\"valueName\":\"search_term_string\"}}],\"inLanguage\":\"ca\"}]}<\/script>\n<!-- \/ Yoast SEO plugin. -->","yoast_head_json":{"title":"Galeria de classes de dibuix, pintura o arter\u00e0pia - Arts Ingrid Tost","robots":{"index":"index","follow":"follow","max-snippet":"max-snippet:-1","max-image-preview":"max-image-preview:large","max-video-preview":"max-video-preview:-1"},"canonical":"https:\/\/artsingridtost.com\/?page_id=367","og_locale":"ca_ES","og_type":"article","og_title":"Galeria de classes de dibuix, pintura o arter\u00e0pia - Arts Ingrid Tost","og_description":"Simposis d'esculturaEl vigilant del terme Mald\u00e0 2022Gat pont Su\u00efssa 2024Zorro de Valpelosa Albalate del Arzobispo(Terol) 2024","og_url":"https:\/\/artsingridtost.com\/?page_id=367","og_site_name":"Arts Ingrid Tost","article_modified_time":"2025-10-25T16:10:41+00:00","twitter_card":"summary_large_image","schema":{"@context":"https:\/\/schema.org","@graph":[{"@type":"WebPage","@id":"https:\/\/artsingridtost.com\/?page_id=367","url":"https:\/\/artsingridtost.com\/?page_id=367","name":"Galeria de classes de dibuix, pintura o arter\u00e0pia - Arts Ingrid Tost","isPartOf":{"@id":"https:\/\/artsingridtost.com\/#website"},"datePublished":"2025-09-18T07:58:26+00:00","dateModified":"2025-10-25T16:10:41+00:00","breadcrumb":{"@id":"https:\/\/artsingridtost.com\/?page_id=367#breadcrumb"},"inLanguage":"ca","potentialAction":[{"@type":"ReadAction","target":["https:\/\/artsingridtost.com\/?page_id=367"]}]},{"@type":"BreadcrumbList","@id":"https:\/\/artsingridtost.com\/?page_id=367#breadcrumb","itemListElement":[{"@type":"ListItem","position":1,"name":"Home","item":"https:\/\/artsingridtost.com\/"},{"@type":"ListItem","position":2,"name":"Galeria de classes de dibuix, pintura o arter\u00e0pia"}]},{"@type":"WebSite","@id":"https:\/\/artsingridtost.com\/#website","url":"https:\/\/artsingridtost.com\/","name":"Arts Ingrid Tost","description":"Arts Ingrid Tost","potentialAction":[{"@type":"SearchAction","target":{"@type":"EntryPoint","urlTemplate":"https:\/\/artsingridtost.com\/?s={search_term_string}"},"query-input":{"@type":"PropertyValueSpecification","valueRequired":true,"valueName":"search_term_string"}}],"inLanguage":"ca"}]}},"_links":{"self":[{"href":"https:\/\/artsingridtost.com\/index.php?rest_route=\/wp\/v2\/pages\/367","targetHints":{"allow":["GET"]}}],"collection":[{"href":"https:\/\/artsingridtost.com\/index.php?rest_route=\/wp\/v2\/pages"}],"about":[{"href":"https:\/\/artsingridtost.com\/index.php?rest_route=\/wp\/v2\/types\/page"}],"author":[{"embeddable":true,"href":"https:\/\/artsingridtost.com\/index.php?rest_route=\/wp\/v2\/users\/1"}],"replies":[{"embeddable":true,"href":"https:\/\/artsingridtost.com\/index.php?rest_route=%2Fwp%2Fv2%2Fcomments&post=367"}],"version-history":[{"count":9,"href":"https:\/\/artsingridtost.com\/index.php?rest_route=\/wp\/v2\/pages\/367\/revisions"}],"predecessor-version":[{"id":577,"href":"https:\/\/artsingridtost.com\/index.php?rest_route=\/wp\/v2\/pages\/367\/revisions\/577"}],"wp:attachment":[{"href":"https:\/\/artsingridtost.com\/index.php?rest_route=%2Fwp%2Fv2%2Fmedia&parent=367"}],"curies":[{"name":"wp","href":"https:\/\/api.w.org\/{rel}","templated":true}]}}