{"id":606,"date":"2025-10-28T17:19:36","date_gmt":"2025-10-28T17:19:36","guid":{"rendered":"https:\/\/artsingridtost.com\/?page_id=606"},"modified":"2025-10-28T17:54:51","modified_gmt":"2025-10-28T17:54:51","slug":"serveis","status":"publish","type":"page","link":"https:\/\/artsingridtost.com\/?page_id=606&lang=es","title":{"rendered":"Servicios"},"content":{"rendered":"<p>[et_pb_section fb_built=&#8221;1&#8243; admin_label=&#8221;About&#8221; _builder_version=&#8221;4.16&#8243; background_color=&#8221;#f2f4fb&#8221; custom_margin=&#8221;||&#8221; custom_padding=&#8221;|||||&#8221; locked=&#8221;off&#8221; global_colors_info=&#8221;{}&#8221;][et_pb_row column_structure=&#8221;1_2,1_2&#8243; make_equal=&#8221;on&#8221; _builder_version=&#8221;4.16&#8243; width_tablet=&#8221;100%&#8221; width_phone=&#8221;&#8221; width_last_edited=&#8221;on|desktop&#8221; max_width_tablet=&#8221;none&#8221; max_width_phone=&#8221;&#8221; max_width_last_edited=&#8221;on|desktop&#8221; custom_margin=&#8221;||&#8221; custom_padding=&#8221;0px||0px||true|&#8221; box_shadow_style=&#8221;preset4&#8243; box_shadow_horizontal=&#8221;-30vw&#8221; box_shadow_vertical=&#8221;0px&#8221; box_shadow_color=&#8221;#182845&#8243; locked=&#8221;off&#8221; global_colors_info=&#8221;{}&#8221;][et_pb_column type=&#8221;1_2&#8243; _builder_version=&#8221;4.16&#8243; background_color=&#8221;#182845&#8243; custom_padding=&#8221;60px|40px|60px||true&#8221; custom_padding_tablet=&#8221;60px|10vw|60px|10vw|true|true&#8221; custom_padding_phone=&#8221;&#8221; custom_padding_last_edited=&#8221;on|desktop&#8221; global_colors_info=&#8221;{}&#8221;][et_pb_text _builder_version=&#8221;4.27.4&#8243; text_font=&#8221;||||||||&#8221; header_font=&#8221;||||||||&#8221; header_2_font=&#8221;Poppins|600|||||||&#8221; header_2_font_size=&#8221;48px&#8221; header_2_line_height=&#8221;1.3em&#8221; header_4_font=&#8221;Poppins|600||on|||||&#8221; header_4_text_color=&#8221;rgba(255,255,255,0.4)&#8221; header_4_font_size=&#8221;11px&#8221; header_4_letter_spacing=&#8221;2px&#8221; header_4_line_height=&#8221;1.6em&#8221; background_layout=&#8221;dark&#8221; hover_enabled=&#8221;0&#8243; header_2_font_size_tablet=&#8221;32px&#8221; header_2_font_size_phone=&#8221;22px&#8221; header_2_font_size_last_edited=&#8221;on|phone&#8221; module_alignment_tablet=&#8221;right&#8221; module_alignment_last_edited=&#8221;off|desktop&#8221; locked=&#8221;off&#8221; global_colors_info=&#8221;{}&#8221; sticky_enabled=&#8221;0&#8243;]<\/p>\n<h4>Servicios<\/h4>\n<h2>Mis servicios<\/h2>\n<p>[\/et_pb_text][et_pb_text _builder_version=&#8221;4.16&#8243; text_font=&#8221;Muli||||||||&#8221; text_font_size=&#8221;17px&#8221; text_line_height=&#8221;1.8em&#8221; background_layout=&#8221;dark&#8221; text_font_size_tablet=&#8221;&#8221; text_font_size_phone=&#8221;14px&#8221; text_font_size_last_edited=&#8221;on|desktop&#8221; locked=&#8221;off&#8221; global_colors_info=&#8221;{}&#8221;]<\/p>\n<p data-start=\"183\" data-end=\"564\">\n<p data-start=\"566\" data-end=\"874\">\n<p>[\/et_pb_text][\/et_pb_column][et_pb_column type=&#8221;1_2&#8243; _builder_version=&#8221;4.16&#8243; custom_padding=&#8221;100px||60px||false&#8221; custom_padding_tablet=&#8221;60px|10vw|0px|10vw|false|true&#8221; custom_padding_phone=&#8221;&#8221; custom_padding_last_edited=&#8221;on|tablet&#8221; global_colors_info=&#8221;{}&#8221;][et_pb_text _builder_version=&#8221;4.27.4&#8243; text_font=&#8221;||||||||&#8221; header_font=&#8221;||||||||&#8221; header_2_font=&#8221;Poppins|600|||||||&#8221; header_2_font_size=&#8221;48px&#8221; header_2_line_height=&#8221;1.3em&#8221; header_3_font=&#8221;Poppins|500|||||||&#8221; header_3_font_size=&#8221;28px&#8221; header_3_line_height=&#8221;1.4em&#8221; header_4_font=&#8221;Poppins|600||on|||||&#8221; header_4_text_color=&#8221;rgba(0,0,0,0.4)&#8221; header_4_font_size=&#8221;11px&#8221; header_4_letter_spacing=&#8221;2px&#8221; header_4_line_height=&#8221;1.6em&#8221; max_width=&#8221;512px&#8221; hover_enabled=&#8221;0&#8243; header_2_font_size_tablet=&#8221;32px&#8221; header_2_font_size_phone=&#8221;22px&#8221; header_2_font_size_last_edited=&#8221;on|phone&#8221; header_3_font_size_tablet=&#8221;20px&#8221; header_3_font_size_phone=&#8221;18px&#8221; header_3_font_size_last_edited=&#8221;on|phone&#8221; locked=&#8221;off&#8221; global_colors_info=&#8221;{}&#8221; sticky_enabled=&#8221;0&#8243;]<\/p>\n<h3>\u00bfQu\u00e9 te puedo ofrecer?<\/h3>\n<p>[\/et_pb_text][et_pb_blurb title=&#8221;\ud83e\udea8 Esculturas en piedra natural&#8221; use_icon=&#8221;on&#8221; font_icon=&#8221;&#x52;||divi||400&#8243; icon_color=&#8221;#37d679&#8243; icon_placement=&#8221;left&#8221; image_icon_width=&#8221;28px&#8221; content_max_width=&#8221;1100px&#8221; _builder_version=&#8221;4.27.4&#8243; header_font=&#8221;Poppins||||||||&#8221; header_line_height=&#8221;1.6em&#8221; max_width=&#8221;512px&#8221; custom_margin=&#8221;||10px&#8221; hover_enabled=&#8221;0&#8243; icon_font_size=&#8221;28px&#8221; locked=&#8221;off&#8221; global_colors_info=&#8221;{}&#8221; sticky_enabled=&#8221;0&#8243;][\/et_pb_blurb][et_pb_blurb title=&#8221;\ud83c\udfa8 Murales art\u00edsticos&#8221; use_icon=&#8221;on&#8221; font_icon=&#8221;&#x52;||divi||400&#8243; icon_color=&#8221;#37d679&#8243; icon_placement=&#8221;left&#8221; image_icon_width=&#8221;28px&#8221; content_max_width=&#8221;1100px&#8221; _builder_version=&#8221;4.27.4&#8243; header_font=&#8221;Poppins||||||||&#8221; header_line_height=&#8221;1.6em&#8221; max_width=&#8221;512px&#8221; custom_margin=&#8221;||10px&#8221; hover_enabled=&#8221;0&#8243; icon_font_size=&#8221;28px&#8221; locked=&#8221;off&#8221; global_colors_info=&#8221;{}&#8221; sticky_enabled=&#8221;0&#8243;][\/et_pb_blurb][et_pb_blurb title=&#8221;\u270f\ufe0f Retratos y dibujos personalizados&#8221; use_icon=&#8221;on&#8221; font_icon=&#8221;&#x52;||divi||400&#8243; icon_color=&#8221;#37d679&#8243; icon_placement=&#8221;left&#8221; image_icon_width=&#8221;28px&#8221; content_max_width=&#8221;1100px&#8221; _builder_version=&#8221;4.27.4&#8243; header_font=&#8221;Poppins||||||||&#8221; header_line_height=&#8221;1.6em&#8221; max_width=&#8221;512px&#8221; custom_margin=&#8221;||10px&#8221; hover_enabled=&#8221;0&#8243; icon_font_size=&#8221;28px&#8221; locked=&#8221;off&#8221; global_colors_info=&#8221;{}&#8221; sticky_enabled=&#8221;0&#8243;][\/et_pb_blurb][et_pb_blurb title=&#8221;\ud83e\uddd8 Clases de dibujo, pintura o arteterapia&#8221; use_icon=&#8221;on&#8221; font_icon=&#8221;&#x52;||divi||400&#8243; icon_color=&#8221;#37d679&#8243; icon_placement=&#8221;left&#8221; image_icon_width=&#8221;28px&#8221; content_max_width=&#8221;1100px&#8221; _builder_version=&#8221;4.27.4&#8243; header_font=&#8221;Poppins||||||||&#8221; header_line_height=&#8221;1.6em&#8221; max_width=&#8221;512px&#8221; custom_margin=&#8221;||10px&#8221; hover_enabled=&#8221;0&#8243; icon_font_size=&#8221;28px&#8221; locked=&#8221;off&#8221; global_colors_info=&#8221;{}&#8221; sticky_enabled=&#8221;0&#8243;][\/et_pb_blurb][et_pb_blurb title=&#8221;\ud83c\udfdb\ufe0f Restauraci\u00f3n y conservaci\u00f3n&#8221; use_icon=&#8221;on&#8221; font_icon=&#8221;&#x52;||divi||400&#8243; icon_color=&#8221;#37d679&#8243; icon_placement=&#8221;left&#8221; image_icon_width=&#8221;28px&#8221; content_max_width=&#8221;1100px&#8221; _builder_version=&#8221;4.27.4&#8243; header_font=&#8221;Poppins||||||||&#8221; header_line_height=&#8221;1.6em&#8221; max_width=&#8221;512px&#8221; custom_margin=&#8221;||10px&#8221; hover_enabled=&#8221;0&#8243; icon_font_size=&#8221;28px&#8221; locked=&#8221;off&#8221; global_colors_info=&#8221;{}&#8221; sticky_enabled=&#8221;0&#8243;][\/et_pb_blurb][\/et_pb_column][\/et_pb_row][\/et_pb_section][et_pb_section fb_built=&#8221;1&#8243; admin_label=&#8221;Services&#8221; _builder_version=&#8221;4.16&#8243; background_color=&#8221;#f2f4fb&#8221; custom_margin=&#8221;||&#8221; custom_padding=&#8221;|||||&#8221; locked=&#8221;off&#8221; global_colors_info=&#8221;{}&#8221;][et_pb_row column_structure=&#8221;1_3,1_3,1_3&#8243; use_custom_gutter=&#8221;on&#8221; gutter_width=&#8221;1&#8243; make_equal=&#8221;on&#8221; _builder_version=&#8221;4.27.4&#8243; custom_margin=&#8221;||6px&#8221; custom_padding=&#8221;0px||0px|||&#8221; border_color_all=&#8221;rgba(0,0,0,0)&#8221; locked=&#8221;off&#8221; global_colors_info=&#8221;{}&#8221;][et_pb_column type=&#8221;1_3&#8243; _builder_version=&#8221;4.27.4&#8243; background_color=&#8221;#d39e7e&#8221; positioning=&#8221;none&#8221; custom_padding=&#8221;40px|40px|40px|40px|true|true&#8221; animation_style=&#8221;zoom&#8221; link_option_url=&#8221;https:\/\/artsingridtost.com\/?page_id=290&#8243; border_width_all=&#8221;6px&#8221; border_color_all=&#8221;#f2f4fb&#8221; box_shadow_style=&#8221;preset1&#8243; global_colors_info=&#8221;{}&#8221;][et_pb_image src=&#8221;https:\/\/artsingridtost.com\/wp-content\/uploads\/2025\/07\/escultura.webp&#8221; title_text=&#8221;escultura&#8221; _builder_version=&#8221;4.27.4&#8243; width=&#8221;68.1%&#8221; custom_margin=&#8221;||30px&#8221; custom_padding=&#8221;|0px||||&#8221; global_colors_info=&#8221;{}&#8221;][\/et_pb_image][et_pb_text _builder_version=&#8221;4.27.4&#8243; header_font=&#8221;||||||||&#8221; header_2_font=&#8221;||||||||&#8221; header_3_font=&#8221;Poppins|500|||||||&#8221; header_3_font_size=&#8221;28px&#8221; header_3_line_height=&#8221;1.4em&#8221; background_layout=&#8221;dark&#8221; hover_enabled=&#8221;0&#8243; header_3_font_size_tablet=&#8221;20px&#8221; header_3_font_size_phone=&#8221;18px&#8221; header_3_font_size_last_edited=&#8221;on|phone&#8221; locked=&#8221;off&#8221; global_colors_info=&#8221;{}&#8221; sticky_enabled=&#8221;0&#8243;]<\/p>\n<h3>Esculturas en piedra natural<\/h3>\n<p>[\/et_pb_text][et_pb_text _builder_version=&#8221;4.27.4&#8243; text_font=&#8221;||||||||&#8221; text_text_color=&#8221;#FFFFFF&#8221; text_line_height=&#8221;1.8em&#8221; background_layout=&#8221;dark&#8221; custom_margin=&#8221;||30px&#8221; hover_enabled=&#8221;0&#8243; locked=&#8221;off&#8221; global_colors_info=&#8221;{}&#8221; sticky_enabled=&#8221;0&#8243;]<\/p>\n<p>Piezas singulares pensadas para el espacio y las personas que las vivir\u00e1n.<\/p>\n<p>[\/et_pb_text][\/et_pb_column][et_pb_column type=&#8221;1_3&#8243; _builder_version=&#8221;4.27.4&#8243; background_color=&#8221;#ffffff&#8221; custom_padding=&#8221;40px|40px|40px|40px|true|true&#8221; animation_style=&#8221;zoom&#8221; link_option_url=&#8221;https:\/\/artsingridtost.com\/?page_id=361&#8243; border_width_all=&#8221;6px&#8221; border_color_all=&#8221;#f2f4fb&#8221; global_colors_info=&#8221;{}&#8221;][et_pb_image src=&#8221;https:\/\/artsingridtost.com\/wp-content\/uploads\/2025\/10\/bote-de-pintura.png&#8221; title_text=&#8221;bote-de-pintura&#8221; _builder_version=&#8221;4.27.4&#8243; width=&#8221;91.4%&#8221; custom_margin=&#8221;||30px&#8221; global_colors_info=&#8221;{}&#8221;][\/et_pb_image][et_pb_text _builder_version=&#8221;4.27.4&#8243; header_font=&#8221;||||||||&#8221; header_2_font=&#8221;||||||||&#8221; header_3_font=&#8221;Poppins|500|||||||&#8221; header_3_font_size=&#8221;28px&#8221; header_3_line_height=&#8221;1.4em&#8221; hover_enabled=&#8221;0&#8243; header_3_font_size_tablet=&#8221;20px&#8221; header_3_font_size_phone=&#8221;18px&#8221; header_3_font_size_last_edited=&#8221;on|phone&#8221; locked=&#8221;off&#8221; global_colors_info=&#8221;{}&#8221; sticky_enabled=&#8221;0&#8243;]<\/p>\n<h3 data-start=\"2043\" data-end=\"2089\">Murales art\u00edsticos<\/h3>\n<p data-start=\"2090\" data-end=\"2383\">[\/et_pb_text][et_pb_text _builder_version=&#8221;4.27.4&#8243; text_font=&#8221;Muli||||||||&#8221; text_line_height=&#8221;1.8em&#8221; custom_margin=&#8221;||30px&#8221; hover_enabled=&#8221;0&#8243; locked=&#8221;off&#8221; global_colors_info=&#8221;{}&#8221; sticky_enabled=&#8221;0&#8243;]<\/p>\n<p>Adapto formatos y estilos seg\u00fan el entorno y la funci\u00f3n del espacio.<\/p>\n<p>[\/et_pb_text][\/et_pb_column][et_pb_column type=&#8221;1_3&#8243; _builder_version=&#8221;4.27.4&#8243; background_color=&#8221;#182845&#8243; custom_padding=&#8221;40px|40px|40px|40px|true|true&#8221; animation_style=&#8221;zoom&#8221; link_option_url=&#8221;https:\/\/artsingridtost.com\/?page_id=365&#8243; border_width_all=&#8221;6px&#8221; border_color_all=&#8221;#f2f4fb&#8221; global_colors_info=&#8221;{}&#8221;][et_pb_image src=&#8221;https:\/\/artsingridtost.com\/wp-content\/uploads\/2025\/10\/ilustracion-diseno-logotipo-icono-paleta-pintura_586739-2324.avif&#8221; title_text=&#8221;ilustracion-diseno-logotipo-icono-paleta-pintura_586739-2324&#8243; _builder_version=&#8221;4.27.4&#8243; width=&#8221;100%&#8221; custom_margin=&#8221;||30px&#8221; global_colors_info=&#8221;{}&#8221;][\/et_pb_image][et_pb_text _builder_version=&#8221;4.27.4&#8243; text_font=&#8221;||||||||&#8221; header_font=&#8221;||||||||&#8221; header_2_font=&#8221;||||||||&#8221; header_3_font=&#8221;Poppins|500|||||||&#8221; header_3_font_size=&#8221;28px&#8221; header_3_line_height=&#8221;1.4em&#8221; background_layout=&#8221;dark&#8221; hover_enabled=&#8221;0&#8243; header_3_font_size_tablet=&#8221;20px&#8221; header_3_font_size_phone=&#8221;18px&#8221; header_3_font_size_last_edited=&#8221;on|phone&#8221; locked=&#8221;off&#8221; global_colors_info=&#8221;{}&#8221; sticky_enabled=&#8221;0&#8243;]<\/p>\n<h3 data-start=\"912\" data-end=\"955\">Retratos y dibujos personalizados<\/h3>\n<p data-start=\"956\" data-end=\"1317\">[\/et_pb_text][et_pb_text _builder_version=&#8221;4.27.4&#8243; text_font=&#8221;Muli||||||||&#8221; text_line_height=&#8221;1.8em&#8221; background_layout=&#8221;dark&#8221; custom_margin=&#8221;||30px&#8221; hover_enabled=&#8221;0&#8243; locked=&#8221;off&#8221; global_colors_info=&#8221;{}&#8221; sticky_enabled=&#8221;0&#8243;]<\/p>\n<p>Trabajo con diferentes t\u00e9cnicas: l\u00e1piz, pastel, \u00f3leo, acr\u00edlico y acuarela.<\/p>\n<p>[\/et_pb_text][\/et_pb_column][\/et_pb_row][et_pb_row column_structure=&#8221;1_2,1_2&#8243; use_custom_gutter=&#8221;on&#8221; gutter_width=&#8221;1&#8243; make_equal=&#8221;on&#8221; _builder_version=&#8221;4.27.4&#8243; custom_margin=&#8221;||6px&#8221; custom_padding=&#8221;0px||0px|||&#8221; border_color_all=&#8221;rgba(0,0,0,0)&#8221; locked=&#8221;off&#8221; global_colors_info=&#8221;{}&#8221;][et_pb_column type=&#8221;1_2&#8243; _builder_version=&#8221;4.27.4&#8243; background_color=&#8221;#d39e7e&#8221; custom_padding=&#8221;40px|40px|40px|40px|true|true&#8221; animation_style=&#8221;zoom&#8221; link_option_url=&#8221;https:\/\/artsingridtost.com\/?page_id=367&#8243; border_width_all=&#8221;6px&#8221; border_color_all=&#8221;#f2f4fb&#8221; global_colors_info=&#8221;{}&#8221;][et_pb_image src=&#8221;https:\/\/artsingridtost.com\/wp-content\/uploads\/2025\/10\/Sculpture_NP100738.png&#8221; title_text=&#8221;Sculpture_(NP100738)&#8221; _builder_version=&#8221;4.27.4&#8243; width=&#8221;34.7%&#8221; custom_margin=&#8221;||30px&#8221; global_colors_info=&#8221;{}&#8221;][\/et_pb_image][et_pb_text _builder_version=&#8221;4.27.4&#8243; header_font=&#8221;||||||||&#8221; header_2_font=&#8221;||||||||&#8221; header_3_font=&#8221;Poppins|500|||||||&#8221; header_3_font_size=&#8221;28px&#8221; header_3_line_height=&#8221;1.4em&#8221; background_color=&#8221;RGBA(255,255,255,0)&#8221; background_layout=&#8221;dark&#8221; hover_enabled=&#8221;0&#8243; header_3_font_size_tablet=&#8221;20px&#8221; header_3_font_size_phone=&#8221;18px&#8221; header_3_font_size_last_edited=&#8221;on|phone&#8221; locked=&#8221;off&#8221; global_colors_info=&#8221;{}&#8221; sticky_enabled=&#8221;0&#8243;]<\/p>\n<h3 data-start=\"2390\" data-end=\"2423\">Simposios de escultura<\/h3>\n<p data-start=\"2424\" data-end=\"2706\">[\/et_pb_text][\/et_pb_column][et_pb_column type=&#8221;1_2&#8243; _builder_version=&#8221;4.27.4&#8243; background_color=&#8221;#ffffff&#8221; custom_padding=&#8221;40px|40px|40px|40px|true|true&#8221; animation_style=&#8221;zoom&#8221; link_option_url=&#8221;https:\/\/artsingridtost.com\/?page_id=369&#8243; border_width_all=&#8221;6px&#8221; border_color_all=&#8221;#f2f4fb&#8221; global_colors_info=&#8221;{}&#8221;][et_pb_image src=&#8221;https:\/\/artsingridtost.com\/wp-content\/uploads\/2025\/07\/estatualib.webp&#8221; title_text=&#8221;estatualib&#8221; _builder_version=&#8221;4.27.4&#8243; width=&#8221;37.2%&#8221; custom_margin=&#8221;||30px&#8221; global_colors_info=&#8221;{}&#8221;][\/et_pb_image][et_pb_text _builder_version=&#8221;4.27.4&#8243; header_font=&#8221;||||||||&#8221; header_2_font=&#8221;||||||||&#8221; header_3_font=&#8221;Poppins|500|||||||&#8221; header_3_font_size=&#8221;28px&#8221; header_3_line_height=&#8221;1.4em&#8221; hover_enabled=&#8221;0&#8243; header_3_font_size_tablet=&#8221;20px&#8221; header_3_font_size_phone=&#8221;18px&#8221; header_3_font_size_last_edited=&#8221;on|phone&#8221; locked=&#8221;off&#8221; global_colors_info=&#8221;{}&#8221; sticky_enabled=&#8221;0&#8243;]<\/p>\n<h3 data-start=\"1324\" data-end=\"1358\">Restauraci\u00f3n y conservaci\u00f3n<\/h3>\n<p data-start=\"1359\" data-end=\"1688\">\n<p data-start=\"2090\" data-end=\"2383\">[\/et_pb_text][et_pb_text _builder_version=&#8221;4.27.4&#8243; text_font=&#8221;Muli||||||||&#8221; text_line_height=&#8221;1.8em&#8221; custom_margin=&#8221;||30px&#8221; hover_enabled=&#8221;0&#8243; locked=&#8221;off&#8221; global_colors_info=&#8221;{}&#8221; sticky_enabled=&#8221;0&#8243;]<\/p>\n<p>Intervenciones respetuosas para preservar el patrimonio en piedra y otros materiales.<\/p>\n<p>[\/et_pb_text][\/et_pb_column][\/et_pb_row][\/et_pb_section]<\/p>\n","protected":false},"excerpt":{"rendered":"<p>Servicios Mis servicios \u00bfQu\u00e9 te puedo ofrecer?Esculturas en piedra naturalPiezas singulares pensadas para el espacio y las personas que las vivir\u00e1n.Murales art\u00edsticos Adapto formatos y estilos seg\u00fan el entorno y la funci\u00f3n del espacio.Retratos y dibujos personalizados Trabajo con diferentes t\u00e9cnicas: l\u00e1piz, pastel, \u00f3leo, acr\u00edlico y acuarela.Simposios de escultura Restauraci\u00f3n y conservaci\u00f3n Intervenciones respetuosas para [&hellip;]<\/p>\n","protected":false},"author":2,"featured_media":0,"parent":0,"menu_order":0,"comment_status":"closed","ping_status":"closed","template":"","meta":{"_et_pb_use_builder":"on","_et_pb_old_content":"","_et_gb_content_width":"","footnotes":""},"class_list":["post-606","page","type-page","status-publish","hentry"],"yoast_head":"<!-- This site is optimized with the Yoast SEO plugin v27.2 - https:\/\/yoast.com\/product\/yoast-seo-wordpress\/ -->\n<title>Servicios - Arts Ingrid Tost<\/title>\n<meta name=\"robots\" content=\"index, follow, max-snippet:-1, max-image-preview:large, max-video-preview:-1\" \/>\n<link rel=\"canonical\" href=\"https:\/\/artsingridtost.com\/?page_id=606\" \/>\n<meta property=\"og:locale\" content=\"ca_ES\" \/>\n<meta property=\"og:type\" content=\"article\" \/>\n<meta property=\"og:title\" content=\"Servicios - Arts Ingrid Tost\" \/>\n<meta property=\"og:description\" content=\"Servicios Mis servicios \u00bfQu\u00e9 te puedo ofrecer?Esculturas en piedra naturalPiezas singulares pensadas para el espacio y las personas que las vivir\u00e1n.Murales art\u00edsticos Adapto formatos y estilos seg\u00fan el entorno y la funci\u00f3n del espacio.Retratos y dibujos personalizados Trabajo con diferentes t\u00e9cnicas: l\u00e1piz, pastel, \u00f3leo, acr\u00edlico y acuarela.Simposios de escultura Restauraci\u00f3n y conservaci\u00f3n Intervenciones respetuosas para [&hellip;]\" \/>\n<meta property=\"og:url\" content=\"https:\/\/artsingridtost.com\/?page_id=606&amp;lang=es\" \/>\n<meta property=\"og:site_name\" content=\"Arts Ingrid Tost\" \/>\n<meta property=\"article:modified_time\" content=\"2025-10-28T17:54:51+00:00\" \/>\n<meta name=\"twitter:card\" content=\"summary_large_image\" \/>\n<meta name=\"twitter:label1\" content=\"Temps estimat de lectura\" \/>\n\t<meta name=\"twitter:data1\" content=\"2 minuts\" \/>\n<script type=\"application\/ld+json\" class=\"yoast-schema-graph\">{\"@context\":\"https:\/\/schema.org\",\"@graph\":[{\"@type\":\"WebPage\",\"@id\":\"https:\/\/artsingridtost.com\/?page_id=606&lang=es\",\"url\":\"https:\/\/artsingridtost.com\/?page_id=606&lang=es\",\"name\":\"Servicios - Arts Ingrid Tost\",\"isPartOf\":{\"@id\":\"https:\/\/artsingridtost.com\/#website\"},\"datePublished\":\"2025-10-28T17:19:36+00:00\",\"dateModified\":\"2025-10-28T17:54:51+00:00\",\"breadcrumb\":{\"@id\":\"https:\/\/artsingridtost.com\/?page_id=606&lang=es#breadcrumb\"},\"inLanguage\":\"ca\",\"potentialAction\":[{\"@type\":\"ReadAction\",\"target\":[\"https:\/\/artsingridtost.com\/?page_id=606&lang=es\"]}]},{\"@type\":\"BreadcrumbList\",\"@id\":\"https:\/\/artsingridtost.com\/?page_id=606&lang=es#breadcrumb\",\"itemListElement\":[{\"@type\":\"ListItem\",\"position\":1,\"name\":\"Home\",\"item\":\"https:\/\/artsingridtost.com\/\"},{\"@type\":\"ListItem\",\"position\":2,\"name\":\"Servicios\"}]},{\"@type\":\"WebSite\",\"@id\":\"https:\/\/artsingridtost.com\/#website\",\"url\":\"https:\/\/artsingridtost.com\/\",\"name\":\"Arts Ingrid Tost\",\"description\":\"Arts Ingrid Tost\",\"potentialAction\":[{\"@type\":\"SearchAction\",\"target\":{\"@type\":\"EntryPoint\",\"urlTemplate\":\"https:\/\/artsingridtost.com\/?s={search_term_string}\"},\"query-input\":{\"@type\":\"PropertyValueSpecification\",\"valueRequired\":true,\"valueName\":\"search_term_string\"}}],\"inLanguage\":\"ca\"}]}<\/script>\n<!-- \/ Yoast SEO plugin. -->","yoast_head_json":{"title":"Servicios - Arts Ingrid Tost","robots":{"index":"index","follow":"follow","max-snippet":"max-snippet:-1","max-image-preview":"max-image-preview:large","max-video-preview":"max-video-preview:-1"},"canonical":"https:\/\/artsingridtost.com\/?page_id=606","og_locale":"ca_ES","og_type":"article","og_title":"Servicios - Arts Ingrid Tost","og_description":"Servicios Mis servicios \u00bfQu\u00e9 te puedo ofrecer?Esculturas en piedra naturalPiezas singulares pensadas para el espacio y las personas que las vivir\u00e1n.Murales art\u00edsticos Adapto formatos y estilos seg\u00fan el entorno y la funci\u00f3n del espacio.Retratos y dibujos personalizados Trabajo con diferentes t\u00e9cnicas: l\u00e1piz, pastel, \u00f3leo, acr\u00edlico y acuarela.Simposios de escultura Restauraci\u00f3n y conservaci\u00f3n Intervenciones respetuosas para [&hellip;]","og_url":"https:\/\/artsingridtost.com\/?page_id=606&lang=es","og_site_name":"Arts Ingrid Tost","article_modified_time":"2025-10-28T17:54:51+00:00","twitter_card":"summary_large_image","twitter_misc":{"Temps estimat de lectura":"2 minuts"},"schema":{"@context":"https:\/\/schema.org","@graph":[{"@type":"WebPage","@id":"https:\/\/artsingridtost.com\/?page_id=606&lang=es","url":"https:\/\/artsingridtost.com\/?page_id=606&lang=es","name":"Servicios - Arts Ingrid Tost","isPartOf":{"@id":"https:\/\/artsingridtost.com\/#website"},"datePublished":"2025-10-28T17:19:36+00:00","dateModified":"2025-10-28T17:54:51+00:00","breadcrumb":{"@id":"https:\/\/artsingridtost.com\/?page_id=606&lang=es#breadcrumb"},"inLanguage":"ca","potentialAction":[{"@type":"ReadAction","target":["https:\/\/artsingridtost.com\/?page_id=606&lang=es"]}]},{"@type":"BreadcrumbList","@id":"https:\/\/artsingridtost.com\/?page_id=606&lang=es#breadcrumb","itemListElement":[{"@type":"ListItem","position":1,"name":"Home","item":"https:\/\/artsingridtost.com\/"},{"@type":"ListItem","position":2,"name":"Servicios"}]},{"@type":"WebSite","@id":"https:\/\/artsingridtost.com\/#website","url":"https:\/\/artsingridtost.com\/","name":"Arts Ingrid Tost","description":"Arts Ingrid Tost","potentialAction":[{"@type":"SearchAction","target":{"@type":"EntryPoint","urlTemplate":"https:\/\/artsingridtost.com\/?s={search_term_string}"},"query-input":{"@type":"PropertyValueSpecification","valueRequired":true,"valueName":"search_term_string"}}],"inLanguage":"ca"}]}},"_links":{"self":[{"href":"https:\/\/artsingridtost.com\/index.php?rest_route=\/wp\/v2\/pages\/606","targetHints":{"allow":["GET"]}}],"collection":[{"href":"https:\/\/artsingridtost.com\/index.php?rest_route=\/wp\/v2\/pages"}],"about":[{"href":"https:\/\/artsingridtost.com\/index.php?rest_route=\/wp\/v2\/types\/page"}],"author":[{"embeddable":true,"href":"https:\/\/artsingridtost.com\/index.php?rest_route=\/wp\/v2\/users\/2"}],"replies":[{"embeddable":true,"href":"https:\/\/artsingridtost.com\/index.php?rest_route=%2Fwp%2Fv2%2Fcomments&post=606"}],"version-history":[{"count":7,"href":"https:\/\/artsingridtost.com\/index.php?rest_route=\/wp\/v2\/pages\/606\/revisions"}],"predecessor-version":[{"id":621,"href":"https:\/\/artsingridtost.com\/index.php?rest_route=\/wp\/v2\/pages\/606\/revisions\/621"}],"wp:attachment":[{"href":"https:\/\/artsingridtost.com\/index.php?rest_route=%2Fwp%2Fv2%2Fmedia&parent=606"}],"curies":[{"name":"wp","href":"https:\/\/api.w.org\/{rel}","templated":true}]}}